{"id":86,"date":"2025-08-14T16:36:38","date_gmt":"2025-08-14T16:36:38","guid":{"rendered":"https:\/\/isadons.nisaru.com\/isadons\/processes\/"},"modified":"2025-08-14T17:54:04","modified_gmt":"2025-08-14T17:54:04","slug":"processes","status":"publish","type":"page","link":"https:\/\/isadons.nisaru.com\/isadons\/processes\/","title":{"rendered":"Nos services"},"content":{"rendered":"\n\n\n<h3>nos services<\/h3>\n\n<p style=\"text-align: center\">Chez isadon Services, le d\u00e9veloppement de carri\u00e8re va au-del\u00e0 du simple coaching : il s&rsquo;agit de vous donner les moyens d&rsquo;agir gr\u00e2ce \u00e0 des conseils personnalis\u00e9s qui tiennent compte de votre situation particuli\u00e8re. Nous nous attachons \u00e0 cr\u00e9er des environnements qui favorisent l&rsquo;\u00e9quilibre entre vie professionnelle et vie priv\u00e9e ainsi que l&rsquo;\u00e9panouissement professionnel, en vous guidant vers la r\u00e9alisation de vos aspirations avec clart\u00e9 et d\u00e9termination.&nbsp;<\/p><p style=\"text-align: center\"><br><\/p>\n\n\n<h5><font color=\"#f8c176\"><span style=\"font-size: 32px;\">approche naturelle<\/span><\/font><\/h5>\n\n<p style=\"text-align: center\"><span style=\"font-family: Sen;\">Nous pensons que chaque \u00e9tape vers le succ\u00e8s est significative et intentionnelle ; notre approche est con\u00e7ue pour \u00eatre naturelle et efficace. Tout au long du processus, nous travaillons en collaboration, en veillant \u00e0 ce que chaque aspect soit soigneusement align\u00e9 sur votre vision. Avec isadon Services, vous ne recevez pas seulement un accompagnement, vous vous lancez dans une exp\u00e9rience transformatrice qui aligne votre carri\u00e8re et votre \u00e9panouissement personnel.<\/span><span style=\"font-family: Sen;\">.<\/span><br><br><\/p><span style=\"font-size: 12px\"><\/span><span style=\"font-size: 12px\"><\/span>\n\n\n\n\n\n\n\n\n\n\n\n\n<h5><span style=\"color: #f8c176;font-size:32px\">&nbsp;<\/span>\u00e9quipe exp\u00e9riment\u00e9e<\/h5>\n\n<p style=\"text-align: center;\">Notre \u00e9quipe exp\u00e9riment\u00e9e combine des strat\u00e9gies perspicaces et des comp\u00e9tences pratiques pour transformer votre carri\u00e8re en un parcours enrichissant. Que vous recherchiez des conseils de carri\u00e8re, un coaching professionnel ou une aide familiale, nous vous proposons des solutions sur mesure qui correspondent \u00e0 vos objectifs et \u00e0 vos valeurs.<\/p><p style=\"text-align: center;\"><br><\/p><span style=\"font-size: 12px\"><\/span><span style=\"font-size: 12px\"><\/span>\n\n\n\n\n\n\n\n\n<h5><span style=\"color: #f8c176;font-size:32px\">&nbsp;<\/span>Implementation<\/h5>\n\n<p style=\"text-align: center\">Chez Isadon Services, nous transformons votre vision en r\u00e9alit\u00e9 gr\u00e2ce \u00e0 une ex\u00e9cution pr\u00e9cise, minutieuse et ax\u00e9e sur l&rsquo;excellence, en g\u00e9rant chaque d\u00e9tail, des entrepreneurs aux contr\u00f4les qualit\u00e9, tout en travaillant en \u00e9troite collaboration avec des experts de confiance afin de vous offrir une exp\u00e9rience fluide, transparente et sans stress.<\/p>\n\n\n\n\n\n\n\n\n\n","protected":false},"excerpt":{"rendered":"","protected":false},"author":1,"featured_media":0,"parent":0,"menu_order":0,"comment_status":"closed","ping_status":"closed","template":"","meta":{"pagelayer_contact_templates":[],"_pagelayer_content":"","footnotes":""},"class_list":["post-86","page","type-page","status-publish","hentry"],"_links":{"self":[{"href":"https:\/\/isadons.nisaru.com\/isadons\/wp-json\/wp\/v2\/pages\/86","targetHints":{"allow":["GET"]}}],"collection":[{"href":"https:\/\/isadons.nisaru.com\/isadons\/wp-json\/wp\/v2\/pages"}],"about":[{"href":"https:\/\/isadons.nisaru.com\/isadons\/wp-json\/wp\/v2\/types\/page"}],"author":[{"embeddable":true,"href":"https:\/\/isadons.nisaru.com\/isadons\/wp-json\/wp\/v2\/users\/1"}],"replies":[{"embeddable":true,"href":"https:\/\/isadons.nisaru.com\/isadons\/wp-json\/wp\/v2\/comments?post=86"}],"version-history":[{"count":2,"href":"https:\/\/isadons.nisaru.com\/isadons\/wp-json\/wp\/v2\/pages\/86\/revisions"}],"predecessor-version":[{"id":116,"href":"https:\/\/isadons.nisaru.com\/isadons\/wp-json\/wp\/v2\/pages\/86\/revisions\/116"}],"wp:attachment":[{"href":"https:\/\/isadons.nisaru.com\/isadons\/wp-json\/wp\/v2\/media?parent=86"}],"curies":[{"name":"wp","href":"https:\/\/api.w.org\/{rel}","templated":true}]}}